


{"id":42,"date":"2018-10-16T07:21:58","date_gmt":"2018-10-16T07:21:58","guid":{"rendered":"http:\/\/www.pupr.edu\/virtual\/?page_id=42"},"modified":"2024-12-04T09:05:47","modified_gmt":"2024-12-04T13:05:47","slug":"respondus","status":"publish","type":"page","link":"https:\/\/www.pupr.edu\/virtual\/respondus\/","title":{"rendered":"Respondus&#x2122; Lockdown Browser"},"content":{"rendered":"\t\t<div data-elementor-type=\"wp-page\" data-elementor-id=\"42\" class=\"elementor elementor-42\" data-elementor-post-type=\"page\">\n\t\t\t\t\t\t<section class=\"has_eae_slider elementor-section elementor-top-section elementor-element elementor-element-d96138f elementor-section-content-middle elementor-section-boxed elementor-section-height-default elementor-section-height-default\" data-id=\"d96138f\" data-element_type=\"section\">\n\t\t\t\t\t\t<div class=\"elementor-container elementor-column-gap-default\">\n\t\t\t\t\t<div class=\"has_eae_slider elementor-column elementor-col-50 elementor-top-column elementor-element elementor-element-ed435ca\" data-id=\"ed435ca\" data-element_type=\"column\">\n\t\t\t<div class=\"elementor-widget-wrap elementor-element-populated\">\n\t\t\t\t\t\t<div class=\"elementor-element elementor-element-2656ff9 elementor-invisible elementor-widget elementor-widget-heading\" data-id=\"2656ff9\" data-element_type=\"widget\" data-settings=\"{&quot;_animation&quot;:&quot;fadeInUp&quot;}\" data-widget_type=\"heading.default\">\n\t\t\t\t<div class=\"elementor-widget-container\">\n\t\t\t<h2 class=\"elementor-heading-title elementor-size-default\">Respondus\u2122 Lockdown Browser\n<\/h2>\t\t<\/div>\n\t\t\t\t<\/div>\n\t\t\t\t<div class=\"elementor-element elementor-element-311f3eb elementor-invisible elementor-widget elementor-widget-text-editor\" data-id=\"311f3eb\" data-element_type=\"widget\" data-settings=\"{&quot;_animation&quot;:&quot;fadeInUp&quot;}\" data-widget_type=\"text-editor.default\">\n\t\t\t\t<div class=\"elementor-widget-container\">\n\t\t\t\t\t\t\t<p>LockDown Browser is a custom browser that locks down the testing environment within a learning management system. Used at over 1000 higher ed and K-12 institutions, LockDown Browser is the top choice of educators for securing online exams in classrooms or proctored environments.<\/p>\t\t\t\t\t\t<\/div>\n\t\t\t\t<\/div>\n\t\t\t\t<div class=\"elementor-element elementor-element-b398082 elementor-invisible elementor-widget elementor-widget-text-editor\" data-id=\"b398082\" data-element_type=\"widget\" data-settings=\"{&quot;_animation&quot;:&quot;fadeInUp&quot;}\" data-widget_type=\"text-editor.default\">\n\t\t\t\t<div class=\"elementor-widget-container\">\n\t\t\t\t\t\t\t<p><u>Data Privacy Overview<\/u><br \/>Privacy is central to the Respondus Monitor\u00a0 architecture. It minimizes the personal data being collected, uses an automated system to\u00a0 analyze it, and then restricts access to the\u00a0 results.<br \/><u><\/u><\/p>\t\t\t\t\t\t<\/div>\n\t\t\t\t<\/div>\n\t\t\t\t<div class=\"elementor-element elementor-element-8c6a31e elementor-invisible elementor-widget elementor-widget-text-editor\" data-id=\"8c6a31e\" data-element_type=\"widget\" data-settings=\"{&quot;_animation&quot;:&quot;fadeInUp&quot;}\" data-widget_type=\"text-editor.default\">\n\t\t\t\t<div class=\"elementor-widget-container\">\n\t\t\t\t\t\t\t<p><u>Compliance &amp; Certification<br \/><\/u>Respondus Monitor meets the security requirements of FERPA, GDPR, CCPA, Privacy Shield, and SOC 2 certification. Respondus engineers are AWS Certified.<\/p>\t\t\t\t\t\t<\/div>\n\t\t\t\t<\/div>\n\t\t\t\t\t<\/div>\n\t\t<\/div>\n\t\t\t\t<div class=\"has_eae_slider elementor-column elementor-col-50 elementor-top-column elementor-element elementor-element-4833d37\" data-id=\"4833d37\" data-element_type=\"column\">\n\t\t\t<div class=\"elementor-widget-wrap elementor-element-populated\">\n\t\t\t\t\t\t<div class=\"elementor-element elementor-element-44ff8e3 elementor-invisible elementor-widget elementor-widget-image\" data-id=\"44ff8e3\" data-element_type=\"widget\" data-settings=\"{&quot;_animation&quot;:&quot;fadeInUp&quot;}\" data-widget_type=\"image.default\">\n\t\t\t\t<div class=\"elementor-widget-container\">\n\t\t\t\t\t\t\t\t\t\t\t\t\t<img decoding=\"async\" width=\"326\" height=\"89\" src=\"https:\/\/www.pupr.edu\/virtual\/wp-content\/uploads\/2024\/12\/respondus-logo.svg\" class=\"attachment-full size-full wp-image-1144\" alt=\"\" \/>\t\t\t\t\t\t\t\t\t\t\t\t\t<\/div>\n\t\t\t\t<\/div>\n\t\t\t\t\t<\/div>\n\t\t<\/div>\n\t\t\t\t\t<\/div>\n\t\t<\/section>\n\t\t\t\t<section class=\"has_eae_slider elementor-section elementor-top-section elementor-element elementor-element-00594df elementor-section-boxed elementor-section-height-default elementor-section-height-default\" data-id=\"00594df\" data-element_type=\"section\">\n\t\t\t\t\t\t<div class=\"elementor-container elementor-column-gap-default\">\n\t\t\t\t\t<div class=\"has_eae_slider elementor-column elementor-col-100 elementor-top-column elementor-element elementor-element-6e570e8\" data-id=\"6e570e8\" data-element_type=\"column\">\n\t\t\t<div class=\"elementor-widget-wrap elementor-element-populated\">\n\t\t\t\t\t\t<div class=\"elementor-element elementor-element-4d23a21 elementor-widget-divider--view-line elementor-widget elementor-widget-divider\" data-id=\"4d23a21\" data-element_type=\"widget\" data-widget_type=\"divider.default\">\n\t\t\t\t<div class=\"elementor-widget-container\">\n\t\t\t\t\t<div class=\"elementor-divider\">\n\t\t\t<span class=\"elementor-divider-separator\">\n\t\t\t\t\t\t<\/span>\n\t\t<\/div>\n\t\t\t\t<\/div>\n\t\t\t\t<\/div>\n\t\t\t\t\t<\/div>\n\t\t<\/div>\n\t\t\t\t\t<\/div>\n\t\t<\/section>\n\t\t\t\t<section class=\"has_eae_slider elementor-section elementor-top-section elementor-element elementor-element-7e8e8db elementor-section-boxed elementor-section-height-default elementor-section-height-default\" data-id=\"7e8e8db\" data-element_type=\"section\">\n\t\t\t\t\t\t<div class=\"elementor-container elementor-column-gap-default\">\n\t\t\t\t\t<div class=\"has_eae_slider elementor-column elementor-col-100 elementor-top-column elementor-element elementor-element-d95bea3\" data-id=\"d95bea3\" data-element_type=\"column\">\n\t\t\t<div class=\"elementor-widget-wrap elementor-element-populated\">\n\t\t\t\t\t\t<div class=\"elementor-element elementor-element-24c743f elementor-widget elementor-widget-heading\" data-id=\"24c743f\" data-element_type=\"widget\" data-widget_type=\"heading.default\">\n\t\t\t\t<div class=\"elementor-widget-container\">\n\t\t\t<h2 class=\"elementor-heading-title elementor-size-default\">Videos Walkthroughs\n<\/h2>\t\t<\/div>\n\t\t\t\t<\/div>\n\t\t\t\t<section class=\"has_eae_slider elementor-section elementor-inner-section elementor-element elementor-element-213959d elementor-section-boxed elementor-section-height-default elementor-section-height-default\" data-id=\"213959d\" data-element_type=\"section\">\n\t\t\t\t\t\t<div class=\"elementor-container elementor-column-gap-default\">\n\t\t\t\t\t<div class=\"has_eae_slider elementor-column elementor-col-50 elementor-inner-column elementor-element elementor-element-3f208a7\" data-id=\"3f208a7\" data-element_type=\"column\">\n\t\t\t<div class=\"elementor-widget-wrap elementor-element-populated\">\n\t\t\t\t\t\t<div class=\"elementor-element elementor-element-ed0977b elementor-widget elementor-widget-heading\" data-id=\"ed0977b\" data-element_type=\"widget\" data-widget_type=\"heading.default\">\n\t\t\t\t<div class=\"elementor-widget-container\">\n\t\t\t<h2 class=\"elementor-heading-title elementor-size-default\">Instalaci\u00f3n de Respondus Lockdown Browser\n<\/h2>\t\t<\/div>\n\t\t\t\t<\/div>\n\t\t\t\t<div class=\"elementor-element elementor-element-ae05daf elementor-widget elementor-widget-text-editor\" data-id=\"ae05daf\" data-element_type=\"widget\" data-widget_type=\"text-editor.default\">\n\t\t\t\t<div class=\"elementor-widget-container\">\n\t\t\t\t\t\t\t<p>En el siguiente video, encontrar\u00e1 instrucciones para instalar el navegador de Respondus Lockdown Browser su computadora o laptop.<\/p>\t\t\t\t\t\t<\/div>\n\t\t\t\t<\/div>\n\t\t\t\t<div class=\"elementor-element elementor-element-597a56c elementor-widget elementor-widget-video\" data-id=\"597a56c\" data-element_type=\"widget\" data-settings=\"{&quot;video_type&quot;:&quot;vimeo&quot;}\" data-widget_type=\"video.default\">\n\t\t\t\t<div class=\"elementor-widget-container\">\n\t\t\t\t\t<div class=\"elementor-wrapper elementor-open-inline\">\n\t\t\t<iframe class=\"elementor-video-iframe\" allowfullscreen allow=\"clipboard-write\" title=\"vimeo Video Player\" src=\"https:\/\/player.vimeo.com\/video\/337618612?color&amp;autopause=0&amp;loop=0&amp;muted=0&amp;title=1&amp;portrait=1&amp;byline=1#t=\"><\/iframe>\t\t<\/div>\n\t\t\t\t<\/div>\n\t\t\t\t<\/div>\n\t\t\t\t\t<\/div>\n\t\t<\/div>\n\t\t\t\t<div class=\"has_eae_slider elementor-column elementor-col-50 elementor-inner-column elementor-element elementor-element-f12560b\" data-id=\"f12560b\" data-element_type=\"column\">\n\t\t\t<div class=\"elementor-widget-wrap elementor-element-populated\">\n\t\t\t\t\t\t<div class=\"elementor-element elementor-element-600da06 elementor-widget elementor-widget-heading\" data-id=\"600da06\" data-element_type=\"widget\" data-widget_type=\"heading.default\">\n\t\t\t\t<div class=\"elementor-widget-container\">\n\t\t\t<h2 class=\"elementor-heading-title elementor-size-default\">Tomar Examen a trav\u00e9s de Respondus Lockdown Browser\n<\/h2>\t\t<\/div>\n\t\t\t\t<\/div>\n\t\t\t\t<div class=\"elementor-element elementor-element-ce9ef22 elementor-widget elementor-widget-text-editor\" data-id=\"ce9ef22\" data-element_type=\"widget\" data-widget_type=\"text-editor.default\">\n\t\t\t\t<div class=\"elementor-widget-container\">\n\t\t\t\t\t\t\tEn el siguiente video, encontrar\u00e1 instrucciones detalladas sobre c\u00f3mo tomar un examen a trav\u00e9s del navegador de Respondus Lockdown Browser.\n\n\t\t\t\t\t\t<\/div>\n\t\t\t\t<\/div>\n\t\t\t\t<div class=\"elementor-element elementor-element-6155ff0 elementor-widget elementor-widget-video\" data-id=\"6155ff0\" data-element_type=\"widget\" data-settings=\"{&quot;video_type&quot;:&quot;vimeo&quot;}\" data-widget_type=\"video.default\">\n\t\t\t\t<div class=\"elementor-widget-container\">\n\t\t\t\t\t<div class=\"elementor-wrapper elementor-open-inline\">\n\t\t\t<iframe class=\"elementor-video-iframe\" allowfullscreen allow=\"clipboard-write\" title=\"vimeo Video Player\" src=\"https:\/\/player.vimeo.com\/video\/337620073?color&amp;autopause=0&amp;loop=0&amp;muted=0&amp;title=1&amp;portrait=1&amp;byline=1#t=\"><\/iframe>\t\t<\/div>\n\t\t\t\t<\/div>\n\t\t\t\t<\/div>\n\t\t\t\t\t<\/div>\n\t\t<\/div>\n\t\t\t\t\t<\/div>\n\t\t<\/section>\n\t\t\t\t\t<\/div>\n\t\t<\/div>\n\t\t\t\t\t<\/div>\n\t\t<\/section>\n\t\t\t\t<section class=\"has_eae_slider elementor-section elementor-top-section elementor-element elementor-element-06990b3 elementor-section-boxed elementor-section-height-default elementor-section-height-default\" data-id=\"06990b3\" data-element_type=\"section\">\n\t\t\t\t\t\t<div class=\"elementor-container elementor-column-gap-default\">\n\t\t\t\t\t<div class=\"has_eae_slider elementor-column elementor-col-100 elementor-top-column elementor-element elementor-element-7f56f93\" data-id=\"7f56f93\" data-element_type=\"column\">\n\t\t\t<div class=\"elementor-widget-wrap elementor-element-populated\">\n\t\t\t\t\t\t<div class=\"elementor-element elementor-element-1abb34c elementor-widget-divider--view-line elementor-widget elementor-widget-divider\" data-id=\"1abb34c\" data-element_type=\"widget\" data-widget_type=\"divider.default\">\n\t\t\t\t<div class=\"elementor-widget-container\">\n\t\t\t\t\t<div class=\"elementor-divider\">\n\t\t\t<span class=\"elementor-divider-separator\">\n\t\t\t\t\t\t<\/span>\n\t\t<\/div>\n\t\t\t\t<\/div>\n\t\t\t\t<\/div>\n\t\t\t\t\t<\/div>\n\t\t<\/div>\n\t\t\t\t\t<\/div>\n\t\t<\/section>\n\t\t\t\t<section class=\"has_eae_slider elementor-section elementor-top-section elementor-element elementor-element-f0a1508 elementor-section-boxed elementor-section-height-default elementor-section-height-default\" data-id=\"f0a1508\" data-element_type=\"section\">\n\t\t\t\t\t\t<div class=\"elementor-container elementor-column-gap-default\">\n\t\t\t\t\t<div class=\"has_eae_slider elementor-column elementor-col-100 elementor-top-column elementor-element elementor-element-6e90477\" data-id=\"6e90477\" data-element_type=\"column\">\n\t\t\t<div class=\"elementor-widget-wrap elementor-element-populated\">\n\t\t\t\t\t\t<section class=\"has_eae_slider elementor-section elementor-inner-section elementor-element elementor-element-5ab3ae2 elementor-section-boxed elementor-section-height-default elementor-section-height-default\" data-id=\"5ab3ae2\" data-element_type=\"section\">\n\t\t\t\t\t\t<div class=\"elementor-container elementor-column-gap-default\">\n\t\t\t\t\t<div class=\"has_eae_slider elementor-column elementor-col-50 elementor-inner-column elementor-element elementor-element-6dace15\" data-id=\"6dace15\" data-element_type=\"column\">\n\t\t\t<div class=\"elementor-widget-wrap elementor-element-populated\">\n\t\t\t\t\t\t<div class=\"elementor-element elementor-element-b418c6c elementor-widget elementor-widget-heading\" data-id=\"b418c6c\" data-element_type=\"widget\" data-widget_type=\"heading.default\">\n\t\t\t\t<div class=\"elementor-widget-container\">\n\t\t\t<h2 class=\"elementor-heading-title elementor-size-default\">Documentation<\/h2>\t\t<\/div>\n\t\t\t\t<\/div>\n\t\t\t\t<div class=\"elementor-element elementor-element-ceec387 elementor-widget elementor-widget-text-editor\" data-id=\"ceec387\" data-element_type=\"widget\" data-widget_type=\"text-editor.default\">\n\t\t\t\t<div class=\"elementor-widget-container\">\n\t\t\t\t\t\t\tHere are all our current support documents. If you need any help, please <a href=\"#\">contact us<\/a>\t\t\t\t\t\t<\/div>\n\t\t\t\t<\/div>\n\t\t\t\t\t<\/div>\n\t\t<\/div>\n\t\t\t\t<div class=\"has_eae_slider elementor-column elementor-col-50 elementor-inner-column elementor-element elementor-element-f7b7b5f\" data-id=\"f7b7b5f\" data-element_type=\"column\">\n\t\t\t<div class=\"elementor-widget-wrap elementor-element-populated\">\n\t\t\t\t\t\t<div class=\"elementor-element elementor-element-2263a59 elementor-widget elementor-widget-text-editor\" data-id=\"2263a59\" data-element_type=\"widget\" data-widget_type=\"text-editor.default\">\n\t\t\t\t<div class=\"elementor-widget-container\">\n\t\t\t\t\t\t\tDocumentation Language\n\n\t\t\t\t\t\t<\/div>\n\t\t\t\t<\/div>\n\t\t\t\t<div class=\"elementor-element elementor-element-0c22038 elementor-widget elementor-widget-text-editor\" data-id=\"0c22038\" data-element_type=\"widget\" data-widget_type=\"text-editor.default\">\n\t\t\t\t<div class=\"elementor-widget-container\">\n\t\t\t\t\t\t\t<div class=\"lang_switch text-center\"><div class=\"btn-group\"><a class=\"btn no-grad btn_en current\">EN<\/a><br \/><a class=\"btn no-grad btn_es\">ES<\/a><\/div><\/div>\t\t\t\t\t\t<\/div>\n\t\t\t\t<\/div>\n\t\t\t\t\t<\/div>\n\t\t<\/div>\n\t\t\t\t\t<\/div>\n\t\t<\/section>\n\t\t\t\t\t<\/div>\n\t\t<\/div>\n\t\t\t\t\t<\/div>\n\t\t<\/section>\n\t\t\t\t<section class=\"has_eae_slider elementor-section elementor-top-section elementor-element elementor-element-8281c2f elementor-section-boxed elementor-section-height-default elementor-section-height-default\" data-id=\"8281c2f\" data-element_type=\"section\">\n\t\t\t\t\t\t<div class=\"elementor-container elementor-column-gap-default\">\n\t\t\t\t\t<div class=\"has_eae_slider elementor-column elementor-col-100 elementor-top-column elementor-element elementor-element-1cf372d\" data-id=\"1cf372d\" data-element_type=\"column\">\n\t\t\t<div class=\"elementor-widget-wrap elementor-element-populated\">\n\t\t\t\t\t\t<div class=\"elementor-element elementor-element-932e30a elementor-widget elementor-widget-shortcode\" data-id=\"932e30a\" data-element_type=\"widget\" data-widget_type=\"shortcode.default\">\n\t\t\t\t<div class=\"elementor-widget-container\">\n\t\t\t\t\t<div class=\"elementor-shortcode\">    <div class=\"row\">\n      <div class=\"col-md-12\">\n        <div class=\"documentations doc_en\">\n          <ul>\n          <li><a target=\"_blank\" href=\"https:\/\/www.pupr.edu\/virtual\/wp-content\/uploads\/2020\/11\/Respondus-Data-Privacy.pdf\"><span class=\"download_icon\"><span class=\"arrow_blk\"><\/span><\/span> Respondus Data Privacy<\/a><\/li><li><a target=\"_blank\" href=\"https:\/\/www.pupr.edu\/virtual\/wp-content\/uploads\/2020\/04\/Students-Quick-Steps-Using-Blackboard-Collaborate.pdf\"><span class=\"download_icon\"><span class=\"arrow_blk\"><\/span><\/span> Students Quick Steps Using Blackboard Collaborate<\/a><\/li><li><a target=\"_blank\" href=\"https:\/\/www.pupr.edu\/virtual\/wp-content\/uploads\/2020\/04\/Printing-a-Collaborate-Session-Attendance-Report.pdf\"><span class=\"download_icon\"><span class=\"arrow_blk\"><\/span><\/span> Printing a Collaborate Session Attendance Report<\/a><\/li><li><a target=\"_blank\" href=\"https:\/\/www.pupr.edu\/virtual\/wp-content\/uploads\/2020\/04\/Instructor_Guide_Assessment-V-3.1.pdf\"><span class=\"download_icon\"><span class=\"arrow_blk\"><\/span><\/span> Instructor Guide Assessment<\/a><\/li><li><a target=\"_blank\" href=\"https:\/\/www.pupr.edu\/virtual\/wp-content\/uploads\/2020\/04\/Instructor-Quick-Steps-Blackboard-Collaborate.pdf\"><span class=\"download_icon\"><span class=\"arrow_blk\"><\/span><\/span> Instructor Quick Steps Blackboard Collaborate<\/a><\/li><li><a target=\"_blank\" href=\"https:\/\/www.pupr.edu\/virtual\/wp-content\/uploads\/2019\/06\/Apoyo-en-linea-bbsuport-ingles-2019.pdf\"><span class=\"download_icon\"><span class=\"arrow_blk\"><\/span><\/span> Blackboard Support (Online Support services)<\/a><\/li><li><a target=\"_blank\" href=\"https:\/\/www.pupr.edu\/virtual\/wp-content\/uploads\/2019\/05\/Policy-and-Procedure-Academic-Integrity.pdf\"><span class=\"download_icon\"><span class=\"arrow_blk\"><\/span><\/span> Policy and Procedure to Support Academic Integrity of Online Courses<\/a><\/li><li><a target=\"_blank\" href=\"https:\/\/www.pupr.edu\/virtual\/wp-content\/uploads\/2019\/01\/Remote-Exam-Monitoring-of-Online-Modality-Courses.pdf\"><span class=\"download_icon\"><span class=\"arrow_blk\"><\/span><\/span> Remote Exam Monitoring of Online Modality Courses<\/a><\/li><li><a target=\"_blank\" href=\"https:\/\/www.pupr.edu\/virtual\/wp-content\/uploads\/2018\/10\/Installing-Respondus-Lockdown-Browser-English-Version.pdf\"><span class=\"download_icon\"><span class=\"arrow_blk\"><\/span><\/span> Installing Respondus Lockdown Browser<\/a><\/li><li><a target=\"_blank\" href=\"https:\/\/www.pupr.edu\/virtual\/wp-content\/uploads\/2018\/10\/Taking-an-exam-using-Respondus-Lockdown-Browser-English-Version.pdf\"><span class=\"download_icon\"><span class=\"arrow_blk\"><\/span><\/span> Taking an exam using Respondus Lockdown Browser<\/a><\/li><li><a target=\"_blank\" href=\"https:\/\/www.pupr.edu\/virtual\/wp-content\/uploads\/2018\/10\/System-Requirements-Blackboard.pdf\"><span class=\"download_icon\"><span class=\"arrow_blk\"><\/span><\/span> System Requirements Blackboard<\/a><\/li>  \n            \n          <\/ul>\n        <\/div>\n        <div class=\"documentations doc_es d-none\">\n          <ul>\n            <li><a target=\"_blank\" href=\"https:\/\/www.pupr.edu\/virtual\/wp-content\/uploads\/2020\/04\/Pasos-para-configurar-un-examen-con-Respondus-Monitor.pdf\"><span class=\"download_icon\"><span class=\"arrow_blk\"><\/span><\/span> Pasos para configurar un examen con Respondus Monitor<\/a><\/li><li><a target=\"_blank\" href=\"https:\/\/www.pupr.edu\/virtual\/wp-content\/uploads\/2020\/04\/Manual-Blackboard-Fundamentals.pdf\"><span class=\"download_icon\"><span class=\"arrow_blk\"><\/span><\/span> Manual Blackboard Fundamentals<\/a><\/li><li><a target=\"_blank\" href=\"https:\/\/www.pupr.edu\/virtual\/wp-content\/uploads\/2019\/06\/Apoyo-en-linea-bbsupport-vertical-2019-espanol.pdf\"><span class=\"download_icon\"><span class=\"arrow_blk\"><\/span><\/span> Apoyo en l\u00ednea con BlackBoard<\/a><\/li><li><a target=\"_blank\" href=\"https:\/\/www.pupr.edu\/virtual\/wp-content\/uploads\/2019\/05\/Politica-Integridad-Academica-2019.pdf\"><span class=\"download_icon\"><span class=\"arrow_blk\"><\/span><\/span> Pol\u00edtica de Integridad Acad\u00e9mica<\/a><\/li><li><a target=\"_blank\" href=\"https:\/\/www.pupr.edu\/virtual\/wp-content\/uploads\/2019\/01\/Apoyo-en-linea-bbsupport-vertical-espanol.pdf\"><span class=\"download_icon\"><span class=\"arrow_blk\"><\/span><\/span> Servicio de Apoyo en l\u00ednea<\/a><\/li><li><a target=\"_blank\" href=\"https:\/\/www.pupr.edu\/virtual\/wp-content\/uploads\/2019\/01\/Monitoreo-de-exa\u0301menes-remotos-de-cursos-en-linea.pdf\"><span class=\"download_icon\"><span class=\"arrow_blk\"><\/span><\/span> Monitoreo de ex\u00e1menes remotos de cursos en l\u00ednea<\/a><\/li><li><a target=\"_blank\" href=\"https:\/\/www.pupr.edu\/virtual\/wp-content\/uploads\/2018\/10\/Taking-an-exam-using-Respondus-Lockdown-Browser1.pdf\"><span class=\"download_icon\"><span class=\"arrow_blk\"><\/span><\/span> Instrucciones para tomar un examen utilizando Respondus Lockdown Browser<\/a><\/li><li><a target=\"_blank\" href=\"https:\/\/www.pupr.edu\/virtual\/wp-content\/uploads\/2018\/10\/Installing-Respondus-Lockdown-Browser.pdf\"><span class=\"download_icon\"><span class=\"arrow_blk\"><\/span><\/span> Como instalar Respondus<\/a><\/li>          <\/ul>\n        <\/div>\n      <\/div>\n    <\/div>\n  \n    <\/div>\n\t\t\t\t<\/div>\n\t\t\t\t<\/div>\n\t\t\t\t\t<\/div>\n\t\t<\/div>\n\t\t\t\t\t<\/div>\n\t\t<\/section>\n\t\t\t\t<\/div>\n\t\t","protected":false},"excerpt":{"rendered":"<p>Respondus\u2122 Lockdown Browser LockDown Browser is a custom browser that locks down the testing environment within a learning management system. Used at over 1000 higher ed and K-12 institutions, LockDown Browser is the top choice of educators for securing online exams in classrooms or proctored environments. Data Privacy OverviewPrivacy is central to the Respondus Monitor\u00a0 [&hellip;]<\/p>\n","protected":false},"author":1,"featured_media":46,"parent":0,"menu_order":0,"comment_status":"closed","ping_status":"closed","template":"templates\/respondus.php","meta":{"_acf_changed":false,"inline_featured_image":false,"footnotes":""},"class_list":["post-42","page","type-page","status-publish","has-post-thumbnail","hentry"],"acf":[],"_links":{"self":[{"href":"https:\/\/www.pupr.edu\/virtual\/wp-json\/wp\/v2\/pages\/42","targetHints":{"allow":["GET"]}}],"collection":[{"href":"https:\/\/www.pupr.edu\/virtual\/wp-json\/wp\/v2\/pages"}],"about":[{"href":"https:\/\/www.pupr.edu\/virtual\/wp-json\/wp\/v2\/types\/page"}],"author":[{"embeddable":true,"href":"https:\/\/www.pupr.edu\/virtual\/wp-json\/wp\/v2\/users\/1"}],"replies":[{"embeddable":true,"href":"https:\/\/www.pupr.edu\/virtual\/wp-json\/wp\/v2\/comments?post=42"}],"version-history":[{"count":41,"href":"https:\/\/www.pupr.edu\/virtual\/wp-json\/wp\/v2\/pages\/42\/revisions"}],"predecessor-version":[{"id":1637,"href":"https:\/\/www.pupr.edu\/virtual\/wp-json\/wp\/v2\/pages\/42\/revisions\/1637"}],"wp:featuredmedia":[{"embeddable":true,"href":"https:\/\/www.pupr.edu\/virtual\/wp-json\/wp\/v2\/media\/46"}],"wp:attachment":[{"href":"https:\/\/www.pupr.edu\/virtual\/wp-json\/wp\/v2\/media?parent=42"}],"curies":[{"name":"wp","href":"https:\/\/api.w.org\/{rel}","templated":true}]}}